{"id":3197,"date":"2019-09-30T20:35:41","date_gmt":"2019-09-30T20:35:41","guid":{"rendered":"http:\/\/inq.mx\/bta\/?page_id=3197"},"modified":"2020-01-16T18:52:36","modified_gmt":"2020-01-16T18:52:36","slug":"junta-directiva","status":"publish","type":"page","link":"https:\/\/inq.mx\/bta\/junta-directiva\/","title":{"rendered":"Junta Directiva"},"content":{"rendered":"<p>BTA Alianza para el Comercio Fronterizo A.C. se enorgullece de tener en su junta directiva un grupo de expertos en comercio exterior y log\u00edstica, que hacen realidad los objetivos de esta Alianza a trav\u00e9s de su experiencia, relaciones sociales y su trabajo diario.<\/p>\n<p><strong>Sergio Abraham Sierra<\/strong><br \/>\nSecretario de BTA M\u00e9xico, Licenciado en Comercio Exterior, Representante de Regal Beloit<\/p>\n<p><strong>Mart\u00edn Alberto Anzald\u00faa Garza<\/strong><br \/>\nTesorero de BTA M\u00e9xico, L.A.E., Director de Grupo Rio San Juan (empresa dedicada al desarrollo inmobiliario habitacional, comercial e Industrial), Consejero Binacional para el fomento econ\u00f3mico de Reynosa, Presidente del Consejo Empresarial de Tamaulipas, Presidente Saliente de BTA Alianza del Comercio Fronterizo A.C. y Asesor de diferentes Instituciones M\u00e9dicas, Educativas y Sociales.<\/p>\n<p><strong>Samuel Franklin Vale Smith<\/strong><br \/>\nPresidente de Starr-Camargo Bridge Company, Rio Grande City, Texas, quien es el socio fundador tanto de Border Trade Alliance, como de su Asociaci\u00f3n hermana BTA Alianza del Comercio Fronterizo A.C.<\/p>\n<p><strong>Joaquin Spamer Mart\u00ednez del Campo<\/strong><br \/>\nPresidente del Grupo CIL, el cual tiene sus oficinas en Mission, Texas.<\/p>\n<p><strong>Rigoberto Villarreal Rivera<\/strong><br \/>\nRepresentando a la Ciudad de McAllen, Texas. Se desempe\u00f1a como Superintendente de Puentes Internacionales de McAllen- Hidalgo y Anzalduas, supervisa las operaciones de los dos puentes que pertenecen a la Ciudad de McALLEN, Texas, Fu\u00e9 Presidente de BTA Alianza del comercio Fronterizo AC, en el per\u00edodo 2014-2016.<\/p>\n<p><strong>Eduardo Acosta Jr.<\/strong><br \/>\nRepresentando la empresa R L Jones Customhouse, en la cual ocupa el cargo de Vicepresidente, esta empresa se dedica al ramo de prestaci\u00f3n de Servicios de comercio Exterior y cuenta con oficinas en Los Angeles, San Diego, Tecate y Calexico en California, tambi\u00e9n en San Luis, y Nogales en Arizona as\u00ed como en El Paso, Pharr y Laredo en Texas. Eduardo Acosta forma parte de muchos comit\u00e9s en el ramo de la industria maquiladora y textil.<\/p>\n<p><strong>A.A. Glafiro E. Montemayor Quintanilla<\/strong><br \/>\nRepresenta al Grupo Gemio, quien opera por el cruce fronterizo Nuevo Laredo, Tamaulipas \u2013 Laredo, Texas.<\/p>\n<p><strong>A.A. Ingeniero Artemio Ram\u00edrez de Luna<\/strong><br \/>\nPresidente de la Asociaci\u00f3n de Agentes Aduanales de Miguel Alem\u00e1n y Camargo, Adem\u00e1s de ser agremiado de la Uni\u00f3n Ganadera de Tamaulipas.<\/p>\n<p><strong>Ingeniero Daniel O. R\u00edos<\/strong><br \/>\nPresidente de S&amp;B Infrastructure LLC, Empresa en el ramo de Ingenier\u00eda que ocupa el lugar n\u00famero 28 dentro de Estados Unidos, y es quien atiende las necesidades de Infraestructura de gran parte de los Puentes Fronterizos entre M\u00e9xico y Estados Unidos. Y quien adem\u00e1s es Asociado de Border Trade Alliance y preside el comit\u00e9 de Infraestructura y Carreteras de BTA \u2013 USA.<\/p>\n<p><strong>Beatriz Castro S\u00e1nchez<\/strong><br \/>\nInternational Legal Officer de Starr Camargo Bridge Co. Sin ser Asociada es legalmente Asesora de la Asociaci\u00f3n y es quien funge como Directora de BTA Alianza del Comercio Fronterizo AC.<\/p>\n","protected":false},"excerpt":{"rendered":"<p>BTA Alianza para el Comercio Fronterizo A.C. se enorgullece de [&hellip;]<\/p>\n","protected":false},"author":1,"featured_media":0,"parent":0,"menu_order":0,"comment_status":"closed","ping_status":"closed","template":"","meta":[],"_links":{"self":[{"href":"https:\/\/inq.mx\/bta\/wp-json\/wp\/v2\/pages\/3197"}],"collection":[{"href":"https:\/\/inq.mx\/bta\/wp-json\/wp\/v2\/pages"}],"about":[{"href":"https:\/\/inq.mx\/bta\/wp-json\/wp\/v2\/types\/page"}],"author":[{"embeddable":true,"href":"https:\/\/inq.mx\/bta\/wp-json\/wp\/v2\/users\/1"}],"replies":[{"embeddable":true,"href":"https:\/\/inq.mx\/bta\/wp-json\/wp\/v2\/comments?post=3197"}],"version-history":[{"count":8,"href":"https:\/\/inq.mx\/bta\/wp-json\/wp\/v2\/pages\/3197\/revisions"}],"predecessor-version":[{"id":3544,"href":"https:\/\/inq.mx\/bta\/wp-json\/wp\/v2\/pages\/3197\/revisions\/3544"}],"wp:attachment":[{"href":"https:\/\/inq.mx\/bta\/wp-json\/wp\/v2\/media?parent=3197"}],"curies":[{"name":"wp","href":"https:\/\/api.w.org\/{rel}","templated":true}]}}