{"id":3210,"date":"2019-09-30T22:09:22","date_gmt":"2019-09-30T22:09:22","guid":{"rendered":"http:\/\/inq.mx\/bta\/?page_id=3210"},"modified":"2020-01-16T18:53:30","modified_gmt":"2020-01-16T18:53:30","slug":"comites","status":"publish","type":"page","link":"https:\/\/inq.mx\/bta\/comites\/","title":{"rendered":"Comit\u00e9s"},"content":{"rendered":"<h3><strong>Comit\u00e9 de Infraestructura y Carreteras<\/strong><\/h3>\n<p>Es responsable de desarrollar las posiciones que BTA defiende en temas relacionados con la movilidad y el desarrollo de v\u00edas de tr\u00e1nsito carretero, f\u00e9rreo, a\u00e9reo o mar\u00edtimo y buscar las mejoras en la infraestructura en los puertos fronterizos proponiendo ampliaciones y adecuaciones a las mismas que ayuden con los cruces de mercanc\u00edas m\u00e1s seguros y confiables entre M\u00e9xico y Estados Unidos, al igual que impulsar contar con las rutas carreteras de conexi\u00f3n m\u00e1s adecuadas.<\/p>\n<h3><strong>Comit\u00e9 de Seguridad y Comercio<\/strong><\/h3>\n<p>Son los encargados de estar al d\u00eda de las disposiciones y reglamentos en los cruces fronterizos entre M\u00e9xico y Estados Unidos, as\u00ed como buscar la implementaci\u00f3n de medidas para lograr cruces fronterizos m\u00e1s eficaces y seguros, siempre tratando de reducir costos y tiempos.<\/p>\n","protected":false},"excerpt":{"rendered":"<p>Comit\u00e9 de Infraestructura y Carreteras Es responsable de desarrollar las [&hellip;]<\/p>\n","protected":false},"author":1,"featured_media":0,"parent":0,"menu_order":0,"comment_status":"closed","ping_status":"closed","template":"","meta":[],"_links":{"self":[{"href":"https:\/\/inq.mx\/bta\/wp-json\/wp\/v2\/pages\/3210"}],"collection":[{"href":"https:\/\/inq.mx\/bta\/wp-json\/wp\/v2\/pages"}],"about":[{"href":"https:\/\/inq.mx\/bta\/wp-json\/wp\/v2\/types\/page"}],"author":[{"embeddable":true,"href":"https:\/\/inq.mx\/bta\/wp-json\/wp\/v2\/users\/1"}],"replies":[{"embeddable":true,"href":"https:\/\/inq.mx\/bta\/wp-json\/wp\/v2\/comments?post=3210"}],"version-history":[{"count":4,"href":"https:\/\/inq.mx\/bta\/wp-json\/wp\/v2\/pages\/3210\/revisions"}],"predecessor-version":[{"id":3545,"href":"https:\/\/inq.mx\/bta\/wp-json\/wp\/v2\/pages\/3210\/revisions\/3545"}],"wp:attachment":[{"href":"https:\/\/inq.mx\/bta\/wp-json\/wp\/v2\/media?parent=3210"}],"curies":[{"name":"wp","href":"https:\/\/api.w.org\/{rel}","templated":true}]}}