{"id":3324,"date":"2020-01-14T15:39:28","date_gmt":"2020-01-14T15:39:28","guid":{"rendered":"http:\/\/inq.mx\/bta\/?page_id=3324"},"modified":"2020-01-16T18:50:43","modified_gmt":"2020-01-16T18:50:43","slug":"quienes-somos","status":"publish","type":"page","link":"https:\/\/inq.mx\/bta\/quienes-somos\/","title":{"rendered":"Qui\u00e9nes Somos"},"content":{"rendered":"<h3><strong>\u00bfQu\u00e9 es BTA M\u00e9xico?<\/strong><\/h3>\n<p>Border Trade Aliance (BTA) se fund\u00f3 en 1986, en los Estados Unidos, como una organizaci\u00f3n sin fines de lucro, que sirve como foro, para abordar temas claves que afectan el comercio, el transporte, las v\u00edas carreteras y la seguridad en Am\u00e9rica del Norte.<\/p>\n<p>Adem\u00e1s aboga por pol\u00edticas e iniciativas, dise\u00f1adas para mejorar asuntos fronterizos y las relaciones comerciales entre M\u00e9xico, Estados Unidos y Canad\u00e1, creando as\u00ed una de las principales instituciones que promueve la soluci\u00f3n a asuntos que afecten las fronteras del norte y del sur de los EE.UU.<\/p>\n<p>Representa a m\u00e1s de 4.2 millones de socios del sector p\u00fablico y privado, incluidos l\u00edderes empresariales, c\u00e1maras de comercio, c\u00e1maras de la industria, instituciones acad\u00e9micas, corporaciones de desarrollo econ\u00f3mico, parques industriales, empresas de transporte, agentes aduanales, agencias gubernamentales federales y estatales, as\u00ed como importantes industrias maquiladoras binacionales; de ah\u00ed, surge la necesidad de formar una entidad hermana en Mexico que vigile y proporcione soluciones a los asuntos econ\u00f3micos, comerciales y de infraestructura que involucren de manera directa las relaciones bilaterales en la fronteras de M\u00e9xico y los Estados Unidos.<\/p>\n<p>As\u00ed, en Noviembre de 2001 se crea de forma legal esta filial hermana de BTA con representaci\u00f3n en M\u00e9xico la cual se denomina: Alianza del Comercio Fronterizo, A.C. (BTA M\u00e9xico).<\/p>\n<h3><strong>Nuestro Liderazgo<\/strong><\/h3>\n<p>El 10 de octubre de este a\u00f1o se llev\u00f3 a cabo el nombramiento de una nueva mesa directiva por el periodo 2019-2021, siendo nombrado Presidente el A.A. Lic. Eduardo A. Garza Robles, CEO de Grupo Uni-Trade, empresa l\u00edder en Log\u00edstica de Carga y servicios Aduanales, con m\u00e1s de 17 oficinas en M\u00e9xico y Estados Unidos, con representaci\u00f3n en m\u00e1s de 50 pa\u00edses.<\/p>\n<p>El A.A. Lic. Eduardo A. Garza Robles posee m\u00e1s de 30 a\u00f1os de experiencia profesional en actividades de servicios en pro del comercio exterior, as\u00ed como el desarrollo de estrategias de comunicaci\u00f3n binacional y enlaces del sector federal, estatal y de la industria privada.<\/p>\n","protected":false},"excerpt":{"rendered":"<p>\u00bfQu\u00e9 es BTA M\u00e9xico? Border Trade Aliance (BTA) se fund\u00f3 [&hellip;]<\/p>\n","protected":false},"author":1,"featured_media":0,"parent":0,"menu_order":0,"comment_status":"closed","ping_status":"closed","template":"","meta":[],"_links":{"self":[{"href":"https:\/\/inq.mx\/bta\/wp-json\/wp\/v2\/pages\/3324"}],"collection":[{"href":"https:\/\/inq.mx\/bta\/wp-json\/wp\/v2\/pages"}],"about":[{"href":"https:\/\/inq.mx\/bta\/wp-json\/wp\/v2\/types\/page"}],"author":[{"embeddable":true,"href":"https:\/\/inq.mx\/bta\/wp-json\/wp\/v2\/users\/1"}],"replies":[{"embeddable":true,"href":"https:\/\/inq.mx\/bta\/wp-json\/wp\/v2\/comments?post=3324"}],"version-history":[{"count":5,"href":"https:\/\/inq.mx\/bta\/wp-json\/wp\/v2\/pages\/3324\/revisions"}],"predecessor-version":[{"id":3543,"href":"https:\/\/inq.mx\/bta\/wp-json\/wp\/v2\/pages\/3324\/revisions\/3543"}],"wp:attachment":[{"href":"https:\/\/inq.mx\/bta\/wp-json\/wp\/v2\/media?parent=3324"}],"curies":[{"name":"wp","href":"https:\/\/api.w.org\/{rel}","templated":true}]}}