{"id":3329,"date":"2020-01-14T15:43:09","date_gmt":"2020-01-14T15:43:09","guid":{"rendered":"http:\/\/inq.mx\/bta\/?page_id=3329"},"modified":"2020-01-14T15:43:09","modified_gmt":"2020-01-14T15:43:09","slug":"mision-y-vision","status":"publish","type":"page","link":"https:\/\/inq.mx\/bta\/mision-y-vision\/","title":{"rendered":"Misi\u00f3n y Visi\u00f3n"},"content":{"rendered":"<h3><strong>Misi\u00f3n<\/strong><\/h3>\n<p>Iniciar, monitorear e influir en las pol\u00edticas p\u00fablicas y las iniciativas del sector privado, para la facilitaci\u00f3n del Comercio Internacional a trav\u00e9s de la promoci\u00f3n, educaci\u00f3n, y soluci\u00f3n de problemas a trav\u00e9s de la investigaci\u00f3n, el an\u00e1lisis y planificaciones estrat\u00e9gicas.<\/p>\n<h3><strong>Visi\u00f3n<\/strong><\/h3>\n<p>Ser un Organismo l\u00edder que facilite el comercio internacional entre M\u00e9xico, Estados Unidos y Canada. Sus valores fundamentales incluyen el compromiso de mejorar la calidad de vida en las comunidades fronterizas a trav\u00e9s del comercio exterior y el compromiso de trabajar como una organizaci\u00f3n de base comunitaria.<\/p>\n","protected":false},"excerpt":{"rendered":"<p>Misi\u00f3n Iniciar, monitorear e influir en las pol\u00edticas p\u00fablicas y [&hellip;]<\/p>\n","protected":false},"author":1,"featured_media":0,"parent":0,"menu_order":0,"comment_status":"closed","ping_status":"closed","template":"","meta":[],"_links":{"self":[{"href":"https:\/\/inq.mx\/bta\/wp-json\/wp\/v2\/pages\/3329"}],"collection":[{"href":"https:\/\/inq.mx\/bta\/wp-json\/wp\/v2\/pages"}],"about":[{"href":"https:\/\/inq.mx\/bta\/wp-json\/wp\/v2\/types\/page"}],"author":[{"embeddable":true,"href":"https:\/\/inq.mx\/bta\/wp-json\/wp\/v2\/users\/1"}],"replies":[{"embeddable":true,"href":"https:\/\/inq.mx\/bta\/wp-json\/wp\/v2\/comments?post=3329"}],"version-history":[{"count":1,"href":"https:\/\/inq.mx\/bta\/wp-json\/wp\/v2\/pages\/3329\/revisions"}],"predecessor-version":[{"id":3330,"href":"https:\/\/inq.mx\/bta\/wp-json\/wp\/v2\/pages\/3329\/revisions\/3330"}],"wp:attachment":[{"href":"https:\/\/inq.mx\/bta\/wp-json\/wp\/v2\/media?parent=3329"}],"curies":[{"name":"wp","href":"https:\/\/api.w.org\/{rel}","templated":true}]}}