{"id":3334,"date":"2020-01-14T15:49:46","date_gmt":"2020-01-14T15:49:46","guid":{"rendered":"http:\/\/inq.mx\/bta\/?page_id=3334"},"modified":"2020-01-14T15:49:46","modified_gmt":"2020-01-14T15:49:46","slug":"objetivos","status":"publish","type":"page","link":"https:\/\/inq.mx\/bta\/objetivos\/","title":{"rendered":"Objetivos"},"content":{"rendered":"<p>Entre los objetivos m\u00e1s importantes del BTA Alianza para el Comercio Fronterizo A.C., est\u00e1 contribuir de manera sistem\u00e1tica, el proponer y solucionar los problemas que impiden el sano crecimiento de la zona fronteriza entre los Estados Unidos y M\u00e9xico, que afectan la competitividad del comercio exterior y la econom\u00eda de ambas naciones.<\/p>\n<p>Asimismo la revisi\u00f3n de temas de seguridad as\u00ed como la promoci\u00f3n y proposici\u00f3n de acciones que agilicen las operaciones aduanales y de tr\u00e1fico en la zona fronteriza, mediante el desarrollo de infraestructuras y tecnolog\u00edas nuevas que faciliten el comercio y la seguridad de las regiones.<\/p>\n<p>Esta Alianza esta comprometida en promover el comercio internacional y a fomentar el desarrollo de los negocios a lo largo de la frontera de Estados Unidos con M\u00e9xico, apoyando toda clase de iniciativas y proyectos que protejan y aumenten la econom\u00eda del pa\u00eds y el desarrollo comercial fronterizo.<\/p>\n","protected":false},"excerpt":{"rendered":"<p>Entre los objetivos m\u00e1s importantes del BTA Alianza para el [&hellip;]<\/p>\n","protected":false},"author":1,"featured_media":0,"parent":0,"menu_order":0,"comment_status":"closed","ping_status":"closed","template":"","meta":[],"_links":{"self":[{"href":"https:\/\/inq.mx\/bta\/wp-json\/wp\/v2\/pages\/3334"}],"collection":[{"href":"https:\/\/inq.mx\/bta\/wp-json\/wp\/v2\/pages"}],"about":[{"href":"https:\/\/inq.mx\/bta\/wp-json\/wp\/v2\/types\/page"}],"author":[{"embeddable":true,"href":"https:\/\/inq.mx\/bta\/wp-json\/wp\/v2\/users\/1"}],"replies":[{"embeddable":true,"href":"https:\/\/inq.mx\/bta\/wp-json\/wp\/v2\/comments?post=3334"}],"version-history":[{"count":1,"href":"https:\/\/inq.mx\/bta\/wp-json\/wp\/v2\/pages\/3334\/revisions"}],"predecessor-version":[{"id":3335,"href":"https:\/\/inq.mx\/bta\/wp-json\/wp\/v2\/pages\/3334\/revisions\/3335"}],"wp:attachment":[{"href":"https:\/\/inq.mx\/bta\/wp-json\/wp\/v2\/media?parent=3334"}],"curies":[{"name":"wp","href":"https:\/\/api.w.org\/{rel}","templated":true}]}}